{"id":14,"date":"2023-08-01T14:29:30","date_gmt":"2023-08-01T12:29:30","guid":{"rendered":"http:\/\/integreatdrones.de\/?page_id=14"},"modified":"2025-05-26T14:04:09","modified_gmt":"2025-05-26T12:04:09","slug":"about","status":"publish","type":"page","link":"https:\/\/integreatdrones.de\/en\/","title":{"rendered":"Home"},"content":{"rendered":"<div data-elementor-type=\"wp-page\" data-elementor-id=\"14\" class=\"elementor elementor-14\">\n\t\t\t\t<div class=\"elementor-element elementor-element-dbcd6da e-flex e-con-boxed e-con e-parent\" data-id=\"dbcd6da\" data-element_type=\"container\" data-e-type=\"container\">\n\t\t\t\t\t<div class=\"e-con-inner\">\n\t\t\t\t<div class=\"elementor-element elementor-element-13aef5f elementor-widget elementor-widget-heading\" data-id=\"13aef5f\" data-element_type=\"widget\" data-e-type=\"widget\" data-widget_type=\"heading.default\">\n\t\t\t\t<div class=\"elementor-widget-container\">\n\t\t\t\t\t<h1 class=\"elementor-heading-title elementor-size-default\">Welcome!<\/h1>\t\t\t\t<\/div>\n\t\t\t\t<\/div>\n\t\t\t\t<div class=\"elementor-element elementor-element-83fb028 elementor-widget elementor-widget-text-editor\" data-id=\"83fb028\" data-element_type=\"widget\" data-e-type=\"widget\" data-widget_type=\"text-editor.default\">\n\t\t\t\t<div class=\"elementor-widget-container\">\n\t\t\t\t\t\t\t\t\t<p>Explore our website to learn more about the ongoing project, recent publications, events and team members.<\/p>\t\t\t\t\t\t\t\t<\/div>\n\t\t\t\t<\/div>\n\t\t\t\t\t<\/div>\n\t\t\t\t<\/div>\n\t\t<div class=\"elementor-element elementor-element-6483579 e-flex e-con-boxed e-con e-parent\" data-id=\"6483579\" data-element_type=\"container\" data-e-type=\"container\">\n\t\t\t\t\t<div class=\"e-con-inner\">\n\t\t\t\t<div class=\"elementor-element elementor-element-4fd8755 elementor-widget__width-initial elementor-widget elementor-widget-image\" data-id=\"4fd8755\" data-element_type=\"widget\" data-e-type=\"widget\" data-widget_type=\"image.default\">\n\t\t\t\t<div class=\"elementor-widget-container\">\n\t\t\t\t\t\t\t\t\t\t\t\t\t\t\t<img fetchpriority=\"high\" decoding=\"async\" width=\"1024\" height=\"767\" src=\"https:\/\/integreatdrones.de\/wp-content\/uploads\/2023\/10\/startbild-1024x767.jpg\" class=\"attachment-large size-large wp-image-512\" alt=\"\" srcset=\"https:\/\/integreatdrones.de\/wp-content\/uploads\/2023\/10\/startbild-1024x767.jpg 1024w, https:\/\/integreatdrones.de\/wp-content\/uploads\/2023\/10\/startbild-300x225.jpg 300w, https:\/\/integreatdrones.de\/wp-content\/uploads\/2023\/10\/startbild-768x575.jpg 768w, https:\/\/integreatdrones.de\/wp-content\/uploads\/2023\/10\/startbild-1536x1151.jpg 1536w, https:\/\/integreatdrones.de\/wp-content\/uploads\/2023\/10\/startbild-2048x1534.jpg 2048w, https:\/\/integreatdrones.de\/wp-content\/uploads\/2023\/10\/startbild-16x12.jpg 16w\" sizes=\"(max-width: 1024px) 100vw, 1024px\" \/>\t\t\t\t\t\t\t\t\t\t\t\t\t\t\t<\/div>\n\t\t\t\t<\/div>\n\t\t\t\t<div class=\"elementor-element elementor-element-73bbf1c elementor-widget elementor-widget-image\" data-id=\"73bbf1c\" data-element_type=\"widget\" data-e-type=\"widget\" data-widget_type=\"image.default\">\n\t\t\t\t<div class=\"elementor-widget-container\">\n\t\t\t\t\t\t\t\t\t\t\t\t\t\t\t<img decoding=\"async\" width=\"1024\" height=\"278\" src=\"https:\/\/integreatdrones.de\/wp-content\/uploads\/2023\/10\/startbild2-1024x278.png\" class=\"attachment-large size-large wp-image-517\" alt=\"\" srcset=\"https:\/\/integreatdrones.de\/wp-content\/uploads\/2023\/10\/startbild2-1024x278.png 1024w, https:\/\/integreatdrones.de\/wp-content\/uploads\/2023\/10\/startbild2-300x81.png 300w, https:\/\/integreatdrones.de\/wp-content\/uploads\/2023\/10\/startbild2-768x208.png 768w, https:\/\/integreatdrones.de\/wp-content\/uploads\/2023\/10\/startbild2-1536x417.png 1536w, https:\/\/integreatdrones.de\/wp-content\/uploads\/2023\/10\/startbild2-18x5.png 18w, https:\/\/integreatdrones.de\/wp-content\/uploads\/2023\/10\/startbild2.png 1920w\" sizes=\"(max-width: 1024px) 100vw, 1024px\" \/>\t\t\t\t\t\t\t\t\t\t\t\t\t\t\t<\/div>\n\t\t\t\t<\/div>\n\t\t\t\t\t<\/div>\n\t\t\t\t<\/div>\n\t\t<div class=\"elementor-element elementor-element-e5af736 e-flex e-con-boxed e-con e-parent\" data-id=\"e5af736\" data-element_type=\"container\" data-e-type=\"container\">\n\t\t\t\t\t<div class=\"e-con-inner\">\n\t\t\t\t<div class=\"elementor-element elementor-element-9774f7d elementor-widget elementor-widget-text-editor\" data-id=\"9774f7d\" data-element_type=\"widget\" data-e-type=\"widget\" data-widget_type=\"text-editor.default\">\n\t\t\t\t<div class=\"elementor-widget-container\">\n\t\t\t\t\t\t\t\t\t<p class=\"translation-block\">The increasing production of cost-efficient unmanned aerial vehicles (\u2018UAVs\u2019 or \u2018drones\u2019) opens up new opportunities for process optimization in the industrial environment. The InteGreatDrones project focuses on the use of drones for data collection and process monitoring in dynamic inland ports to overcome the challenges posed by changing cargo types and the interaction of different stakeholders.<\/p><p>The project's goal is to create a robust foundation for harnessing digitalization potential, considering the specific requirements of inland terminals. InteGreatDrones aims to enable comprehensive process and activity monitoring in inland terminals without relying on expensive fixed infrastructures.<\/p><div><div><p><!-- \/wp:paragraph --><\/p><\/div><p><!-- \/wp:group --><\/p><\/div><p><!-- \/wp:group --><\/p><p><!-- wp:paragraph --><\/p><p><!-- \/wp:paragraph --><\/p><p><!-- wp:paragraph --><\/p><p><!-- \/wp:paragraph --><\/p><p><!-- wp:paragraph --><\/p><p><!-- \/wp:paragraph --><\/p>\t\t\t\t\t\t\t\t<\/div>\n\t\t\t\t<\/div>\n\t\t\t\t\t<\/div>\n\t\t\t\t<\/div>\n\t\t<div class=\"elementor-element elementor-element-5920ca0 e-flex e-con-boxed e-con e-parent\" data-id=\"5920ca0\" data-element_type=\"container\" data-e-type=\"container\">\n\t\t\t\t\t<div class=\"e-con-inner\">\n\t\t\t\t<div class=\"elementor-element elementor-element-0b2d366 elementor-widget elementor-widget-text-editor\" data-id=\"0b2d366\" data-element_type=\"widget\" data-e-type=\"widget\" data-widget_type=\"text-editor.default\">\n\t\t\t\t<div class=\"elementor-widget-container\">\n\t\t\t\t\t\t\t\t\t<p>The approach involves using a drone fleet to complement existing infrastructure and the continuous capture of image data, providing insights into all activities on the terminal grounds. To preserve privacy, data is locally pre-processed and anonymized. The drone system is integrated with a centralized middleware for data processing and utilization, linking drone and existing systems to ensure comprehensive integration.<\/p><p>Terminal-specific applications like a digital twin, route optimization, inventory management, and predictive maintenance will be implemented, adding significant economic value for terminal operators. These applications allow making operational and strategic decisions based on valid and up-to-date data.<\/p>\t\t\t\t\t\t\t\t<\/div>\n\t\t\t\t<\/div>\n\t\t\t\t\t<\/div>\n\t\t\t\t<\/div>\n\t\t<div class=\"elementor-element elementor-element-1211e02 e-flex e-con-boxed e-con e-parent\" data-id=\"1211e02\" data-element_type=\"container\" data-e-type=\"container\">\n\t\t\t\t\t<div class=\"e-con-inner\">\n\t\t<div class=\"elementor-element elementor-element-e7841c5 e-con-full e-flex e-con e-child\" data-id=\"e7841c5\" data-element_type=\"container\" data-e-type=\"container\">\n\t\t\t\t<div class=\"elementor-element elementor-element-6bb4691 elementor-widget__width-initial elementor-widget elementor-widget-image\" data-id=\"6bb4691\" data-element_type=\"widget\" data-e-type=\"widget\" data-widget_type=\"image.default\">\n\t\t\t\t<div class=\"elementor-widget-container\">\n\t\t\t\t\t\t\t\t\t\t\t\t\t\t\t<img decoding=\"async\" width=\"663\" height=\"376\" src=\"https:\/\/integreatdrones.de\/wp-content\/uploads\/2023\/10\/sbo-logo.png\" class=\"attachment-large size-large wp-image-499\" alt=\"\" srcset=\"https:\/\/integreatdrones.de\/wp-content\/uploads\/2023\/10\/sbo-logo.png 663w, https:\/\/integreatdrones.de\/wp-content\/uploads\/2023\/10\/sbo-logo-300x170.png 300w, https:\/\/integreatdrones.de\/wp-content\/uploads\/2023\/10\/sbo-logo-18x10.png 18w\" sizes=\"(max-width: 663px) 100vw, 663px\" \/>\t\t\t\t\t\t\t\t\t\t\t\t\t\t\t<\/div>\n\t\t\t\t<\/div>\n\t\t\t\t<\/div>\n\t\t<div class=\"elementor-element elementor-element-d26c1ea e-con-full e-flex e-con e-child\" data-id=\"d26c1ea\" data-element_type=\"container\" data-e-type=\"container\">\n\t\t\t\t<div class=\"elementor-element elementor-element-98c0d2f elementor-widget__width-initial elementor-widget elementor-widget-image\" data-id=\"98c0d2f\" data-element_type=\"widget\" data-e-type=\"widget\" data-widget_type=\"image.default\">\n\t\t\t\t<div class=\"elementor-widget-container\">\n\t\t\t\t\t\t\t\t\t\t\t\t\t\t\t<img loading=\"lazy\" decoding=\"async\" width=\"300\" height=\"139\" src=\"https:\/\/integreatdrones.de\/wp-content\/uploads\/2023\/10\/uhh-logo-2-300x139.png\" class=\"attachment-medium size-medium wp-image-502\" alt=\"\" srcset=\"https:\/\/integreatdrones.de\/wp-content\/uploads\/2023\/10\/uhh-logo-2-300x139.png 300w, https:\/\/integreatdrones.de\/wp-content\/uploads\/2023\/10\/uhh-logo-2-1024x475.png 1024w, https:\/\/integreatdrones.de\/wp-content\/uploads\/2023\/10\/uhh-logo-2-768x356.png 768w, https:\/\/integreatdrones.de\/wp-content\/uploads\/2023\/10\/uhh-logo-2-1536x712.png 1536w, https:\/\/integreatdrones.de\/wp-content\/uploads\/2023\/10\/uhh-logo-2-2048x950.png 2048w, https:\/\/integreatdrones.de\/wp-content\/uploads\/2023\/10\/uhh-logo-2-18x8.png 18w\" sizes=\"(max-width: 300px) 100vw, 300px\" \/>\t\t\t\t\t\t\t\t\t\t\t\t\t\t\t<\/div>\n\t\t\t\t<\/div>\n\t\t\t\t<\/div>\n\t\t<div class=\"elementor-element elementor-element-337353e e-con-full e-flex e-con e-child\" data-id=\"337353e\" data-element_type=\"container\" data-e-type=\"container\">\n\t\t\t\t<div class=\"elementor-element elementor-element-a620c6c elementor-widget__width-initial elementor-widget elementor-widget-image\" data-id=\"a620c6c\" data-element_type=\"widget\" data-e-type=\"widget\" data-widget_type=\"image.default\">\n\t\t\t\t<div class=\"elementor-widget-container\">\n\t\t\t\t\t\t\t\t\t\t\t\t\t\t\t<img loading=\"lazy\" decoding=\"async\" width=\"650\" height=\"340\" src=\"https:\/\/integreatdrones.de\/wp-content\/uploads\/2023\/10\/Syntax_Logo.png\" class=\"attachment-medium_large size-medium_large wp-image-500\" alt=\"\" srcset=\"https:\/\/integreatdrones.de\/wp-content\/uploads\/2023\/10\/Syntax_Logo.png 650w, https:\/\/integreatdrones.de\/wp-content\/uploads\/2023\/10\/Syntax_Logo-300x157.png 300w, https:\/\/integreatdrones.de\/wp-content\/uploads\/2023\/10\/Syntax_Logo-18x9.png 18w\" sizes=\"(max-width: 650px) 100vw, 650px\" \/>\t\t\t\t\t\t\t\t\t\t\t\t\t\t\t<\/div>\n\t\t\t\t<\/div>\n\t\t\t\t<\/div>\n\t\t<div class=\"elementor-element elementor-element-a49652c e-con-full e-flex e-con e-child\" data-id=\"a49652c\" data-element_type=\"container\" data-e-type=\"container\">\n\t\t\t\t<div class=\"elementor-element elementor-element-ba7e086 elementor-widget elementor-widget-image\" data-id=\"ba7e086\" data-element_type=\"widget\" data-e-type=\"widget\" data-widget_type=\"image.default\">\n\t\t\t\t<div class=\"elementor-widget-container\">\n\t\t\t\t\t\t\t\t\t\t\t\t\t\t\t<img loading=\"lazy\" decoding=\"async\" width=\"935\" height=\"411\" src=\"https:\/\/integreatdrones.de\/wp-content\/uploads\/2023\/10\/logo_mls.png\" class=\"attachment-large size-large wp-image-597\" alt=\"\" srcset=\"https:\/\/integreatdrones.de\/wp-content\/uploads\/2023\/10\/logo_mls.png 935w, https:\/\/integreatdrones.de\/wp-content\/uploads\/2023\/10\/logo_mls-300x132.png 300w, https:\/\/integreatdrones.de\/wp-content\/uploads\/2023\/10\/logo_mls-768x338.png 768w, https:\/\/integreatdrones.de\/wp-content\/uploads\/2023\/10\/logo_mls-18x8.png 18w\" sizes=\"(max-width: 935px) 100vw, 935px\" \/>\t\t\t\t\t\t\t\t\t\t\t\t\t\t\t<\/div>\n\t\t\t\t<\/div>\n\t\t\t\t<\/div>\n\t\t\t\t\t<\/div>\n\t\t\t\t<\/div>\n\t\t<div class=\"elementor-element elementor-element-65fb5e2 e-flex e-con-boxed e-con e-parent\" data-id=\"65fb5e2\" data-element_type=\"container\" data-e-type=\"container\">\n\t\t\t\t\t<div class=\"e-con-inner\">\n\t\t<div class=\"elementor-element elementor-element-065550c e-con-full e-flex e-con e-child\" data-id=\"065550c\" data-element_type=\"container\" data-e-type=\"container\">\n\t\t\t\t<div class=\"elementor-element elementor-element-a3e1299 elementor-widget elementor-widget-image\" data-id=\"a3e1299\" data-element_type=\"widget\" data-e-type=\"widget\" data-widget_type=\"image.default\">\n\t\t\t\t<div class=\"elementor-widget-container\">\n\t\t\t\t\t\t\t\t\t\t\t\t\t\t\t<img loading=\"lazy\" decoding=\"async\" width=\"637\" height=\"392\" src=\"https:\/\/integreatdrones.de\/wp-content\/uploads\/2023\/10\/ihatec-logo.png\" class=\"attachment-large size-large wp-image-498\" alt=\"\" srcset=\"https:\/\/integreatdrones.de\/wp-content\/uploads\/2023\/10\/ihatec-logo.png 637w, https:\/\/integreatdrones.de\/wp-content\/uploads\/2023\/10\/ihatec-logo-300x185.png 300w, https:\/\/integreatdrones.de\/wp-content\/uploads\/2023\/10\/ihatec-logo-18x12.png 18w\" sizes=\"(max-width: 637px) 100vw, 637px\" \/>\t\t\t\t\t\t\t\t\t\t\t\t\t\t\t<\/div>\n\t\t\t\t<\/div>\n\t\t\t\t<\/div>\n\t\t<div class=\"elementor-element elementor-element-87d8e20 e-con-full e-flex e-con e-child\" data-id=\"87d8e20\" data-element_type=\"container\" data-e-type=\"container\">\n\t\t\t\t<div class=\"elementor-element elementor-element-81b6901 elementor-widget elementor-widget-image\" data-id=\"81b6901\" data-element_type=\"widget\" data-e-type=\"widget\" data-widget_type=\"image.default\">\n\t\t\t\t<div class=\"elementor-widget-container\">\n\t\t\t\t\t\t\t\t\t\t\t\t\t\t\t<img loading=\"lazy\" decoding=\"async\" width=\"323\" height=\"154\" src=\"https:\/\/integreatdrones.de\/wp-content\/uploads\/2023\/10\/bdv-logo.png\" class=\"attachment-large size-large wp-image-497\" alt=\"\" srcset=\"https:\/\/integreatdrones.de\/wp-content\/uploads\/2023\/10\/bdv-logo.png 323w, https:\/\/integreatdrones.de\/wp-content\/uploads\/2023\/10\/bdv-logo-300x143.png 300w, https:\/\/integreatdrones.de\/wp-content\/uploads\/2023\/10\/bdv-logo-18x9.png 18w\" sizes=\"(max-width: 323px) 100vw, 323px\" \/>\t\t\t\t\t\t\t\t\t\t\t\t\t\t\t<\/div>\n\t\t\t\t<\/div>\n\t\t\t\t<\/div>\n\t\t\t\t\t<\/div>\n\t\t\t\t<\/div>\n\t\t<div class=\"elementor-element elementor-element-19359ba e-flex e-con-boxed e-con e-parent\" data-id=\"19359ba\" data-element_type=\"container\" data-e-type=\"container\">\n\t\t\t\t\t<div class=\"e-con-inner\">\n\t\t\t\t<div class=\"elementor-element elementor-element-effd6bd elementor-widget elementor-widget-text-editor\" data-id=\"effd6bd\" data-element_type=\"widget\" data-e-type=\"widget\" data-widget_type=\"text-editor.default\">\n\t\t\t\t<div class=\"elementor-widget-container\">\n\t\t\t\t\t\t\t\t\t<p>The project, coordinated by S\u00e4chsische Binnenh\u00e4fen Oberelbe GmbH, runs from May 2023 to April 2026 and involves partners such as Syntax Systems GmbH &amp; Co. KG, University of Hamburg (Areas: Distributed Operating Systems and Computer Vision), and Technical University of Hamburg - Institute for Maritime Logistics.<\/p>\n<p>The InteGreatDrones project is supported by the Project Sponsorship for Innovative Port Technologies (IHatec) and the German Federal Ministry of Digital and Transport (BMDV).<\/p>\t\t\t\t\t\t\t\t<\/div>\n\t\t\t\t<\/div>\n\t\t\t\t\t<\/div>\n\t\t\t\t<\/div>\n\t\t\t\t<\/div>","protected":false},"excerpt":{"rendered":"<p>Willkommen! Erkunden Sie unsere Website, um mehr \u00fcber das laufende Projekt, aktuelle Ver\u00f6ffentlichungen, Veranstaltungen und Teammitglieder zu erfahren. Die Zunahme der Produktion kosteneffizienter unbemannter Luftfahrzeuge (&#8222;UAVs&#8220; oder &#8222;Drohnen&#8220;) er\u00f6ffnet neue M\u00f6glichkeiten zur Prozessoptimierung in industriellen Umgebungen. Das InteGreatDrones-Projekt konzentriert sich auf den Einsatz von Drohnen zur Datensammlung und Prozess\u00fcberwachung in dynamischen Binnenh\u00e4fen und bew\u00e4ltigt dabei [&hellip;]<\/p>\n","protected":false},"author":1,"featured_media":0,"parent":0,"menu_order":0,"comment_status":"closed","ping_status":"closed","template":"","meta":{"footnotes":""},"class_list":["post-14","page","type-page","status-publish","hentry","entry"],"_links":{"self":[{"href":"https:\/\/integreatdrones.de\/en\/wp-json\/wp\/v2\/pages\/14","targetHints":{"allow":["GET"]}}],"collection":[{"href":"https:\/\/integreatdrones.de\/en\/wp-json\/wp\/v2\/pages"}],"about":[{"href":"https:\/\/integreatdrones.de\/en\/wp-json\/wp\/v2\/types\/page"}],"author":[{"embeddable":true,"href":"https:\/\/integreatdrones.de\/en\/wp-json\/wp\/v2\/users\/1"}],"replies":[{"embeddable":true,"href":"https:\/\/integreatdrones.de\/en\/wp-json\/wp\/v2\/comments?post=14"}],"version-history":[{"count":217,"href":"https:\/\/integreatdrones.de\/en\/wp-json\/wp\/v2\/pages\/14\/revisions"}],"predecessor-version":[{"id":1028,"href":"https:\/\/integreatdrones.de\/en\/wp-json\/wp\/v2\/pages\/14\/revisions\/1028"}],"wp:attachment":[{"href":"https:\/\/integreatdrones.de\/en\/wp-json\/wp\/v2\/media?parent=14"}],"curies":[{"name":"wp","href":"https:\/\/api.w.org\/{rel}","templated":true}]}}