{"id":277,"date":"2023-08-03T15:01:19","date_gmt":"2023-08-03T13:01:19","guid":{"rendered":"http:\/\/integreatdrones.de\/?page_id=277"},"modified":"2025-10-13T16:04:25","modified_gmt":"2025-10-13T14:04:25","slug":"publications","status":"publish","type":"page","link":"https:\/\/integreatdrones.de\/en\/publications\/","title":{"rendered":"Publications"},"content":{"rendered":"<div data-elementor-type=\"wp-page\" data-elementor-id=\"277\" class=\"elementor elementor-277\">\n\t\t\t\t<div class=\"elementor-element elementor-element-ee8e352 e-flex e-con-boxed e-con e-parent\" data-id=\"ee8e352\" data-element_type=\"container\" data-e-type=\"container\">\n\t\t\t\t\t<div class=\"e-con-inner\">\n\t\t\t\t<div class=\"elementor-element elementor-element-20a7a6d elementor-widget elementor-widget-heading\" data-id=\"20a7a6d\" data-element_type=\"widget\" data-e-type=\"widget\" data-widget_type=\"heading.default\">\n\t\t\t\t<div class=\"elementor-widget-container\">\n\t\t\t\t\t<h4 class=\"elementor-heading-title elementor-size-default\"><a href=\"https:\/\/arxiv.org\/abs\/2508.02372\">TRUDI and TITUS: A Multi-Perspective Dataset and a Three-Stage Recognition System for Transportation Unit Identification<\/a><\/h4>\t\t\t\t<\/div>\n\t\t\t\t<\/div>\n\t\t<div class=\"elementor-element elementor-element-6de9734 e-flex e-con-boxed e-con e-child\" data-id=\"6de9734\" data-element_type=\"container\" data-e-type=\"container\">\n\t\t\t\t\t<div class=\"e-con-inner\">\n\t\t\t\t<div class=\"elementor-element elementor-element-0cf1708 elementor-widget__width-initial elementor-widget elementor-widget-text-editor\" data-id=\"0cf1708\" data-element_type=\"widget\" data-e-type=\"widget\" data-widget_type=\"text-editor.default\">\n\t\t\t\t<div class=\"elementor-widget-container\">\n\t\t\t\t\t\t\t\t\t<p>Identifying transportation units (TUs) is essential for improving the efficiency of port logistics. However, progress in this field has been hindered by the lack of publicly available benchmark datasets that capture the diversity and dynamics of real-world port environments. To address this gap, we present the TRUDI dataset-a comprehensive collection comprising 35,034 annotated instances across five categories: container, tank container, trailer, ID text, and logo. The images were captured at operational ports using both ground-based and aerial cameras, under a wide variety of lighting and weather conditions. For the identification of TUs-which involves reading the 11-digit alphanumeric ID typically painted on each unit-we introduce TITUS, a dedicated pipeline that operates in three stages: (1) segmenting the TU instances, (2) detecting the location of the ID text, and (3) recognising and validating the extracted ID. Unlike alternative systems, which often require similar scenes, specific camera angles or gate setups, our evaluation demonstrates that TITUS reliably identifies TUs from a range of camera perspectives and in varying lighting and weather conditions. By making the TRUDI dataset publicly available, we provide a robust benchmark that enables the development and comparison of new approaches. This contribution supports digital transformation efforts in multipurpose ports and helps to increase the efficiency of entire logistics chains.<\/p>\t\t\t\t\t\t\t\t<\/div>\n\t\t\t\t<\/div>\n\t\t\t\t<div class=\"elementor-element elementor-element-b1668ba elementor-widget elementor-widget-image\" data-id=\"b1668ba\" data-element_type=\"widget\" data-e-type=\"widget\" data-widget_type=\"image.default\">\n\t\t\t\t<div class=\"elementor-widget-container\">\n\t\t\t\t\t\t\t\t\t\t\t\t\t\t\t\t<a href=\"https:\/\/arxiv.org\/abs\/2508.02372\">\n\t\t\t\t\t\t\t<img fetchpriority=\"high\" decoding=\"async\" width=\"1169\" height=\"2560\" src=\"https:\/\/integreatdrones.de\/wp-content\/uploads\/2025\/10\/overview-portrait-scaled.jpg\" class=\"attachment-full size-full wp-image-1083\" alt=\"\" srcset=\"https:\/\/integreatdrones.de\/wp-content\/uploads\/2025\/10\/overview-portrait-scaled.jpg 1169w, https:\/\/integreatdrones.de\/wp-content\/uploads\/2025\/10\/overview-portrait-137x300.jpg 137w, https:\/\/integreatdrones.de\/wp-content\/uploads\/2025\/10\/overview-portrait-468x1024.jpg 468w, https:\/\/integreatdrones.de\/wp-content\/uploads\/2025\/10\/overview-portrait-768x1681.jpg 768w, https:\/\/integreatdrones.de\/wp-content\/uploads\/2025\/10\/overview-portrait-702x1536.jpg 702w, https:\/\/integreatdrones.de\/wp-content\/uploads\/2025\/10\/overview-portrait-5x12.jpg 5w\" sizes=\"(max-width: 1169px) 100vw, 1169px\" \/>\t\t\t\t\t\t\t\t<\/a>\n\t\t\t\t\t\t\t\t\t\t\t\t\t\t\t<\/div>\n\t\t\t\t<\/div>\n\t\t\t\t\t<\/div>\n\t\t\t\t<\/div>\n\t\t\t\t\t<\/div>\n\t\t\t\t<\/div>\n\t\t<div class=\"elementor-element elementor-element-72e6320 e-flex e-con-boxed e-con e-parent\" data-id=\"72e6320\" data-element_type=\"container\" data-e-type=\"container\">\n\t\t\t\t\t<div class=\"e-con-inner\">\n\t\t\t\t<div class=\"elementor-element elementor-element-14f166d elementor-widget elementor-widget-heading\" data-id=\"14f166d\" data-element_type=\"widget\" data-e-type=\"widget\" data-widget_type=\"heading.default\">\n\t\t\t\t<div class=\"elementor-widget-container\">\n\t\t\t\t\t<h4 class=\"elementor-heading-title elementor-size-default\"><a href=\"https:\/\/arxiv.org\/abs\/2509.17707\">Automatic Intermodal Loading Unit Identification using Computer Vision: A Scoping Review<\/a><\/h4>\t\t\t\t<\/div>\n\t\t\t\t<\/div>\n\t\t<div class=\"elementor-element elementor-element-4349884 e-flex e-con-boxed e-con e-child\" data-id=\"4349884\" data-element_type=\"container\" data-e-type=\"container\">\n\t\t\t\t\t<div class=\"e-con-inner\">\n\t\t\t\t<div class=\"elementor-element elementor-element-949a918 elementor-widget__width-initial elementor-widget elementor-widget-text-editor\" data-id=\"949a918\" data-element_type=\"widget\" data-e-type=\"widget\" data-widget_type=\"text-editor.default\">\n\t\t\t\t<div class=\"elementor-widget-container\">\n\t\t\t\t\t\t\t\t\t<p>The standardisation of Intermodal Loading Units (ILUs), such as containers, semitrailers and swap bodies, has revolutionised global trade yet their efficient and robust identification remains a critical bottleneck in high-throughput ports and terminals. This paper reviews 63 empirical studies that propose computer vision (CV) based solutions. It covers the last 35 years (1990-2025), tracing the field\u2019s evolution from early digital image processing (DIP) and traditional machine learning (ML) to the current dominance of deep learning (DL) techniques. While CV offers cost-effective alternatives for other types of identification techniques, its development is hindered by the lack of publicly available benchmarking datasets. This results in high variance for the reported results such as end-to-end accuracy ranging from 5 % to 96 %. Beyond dataset limitations, this review highlights the emerging challenges especially introduced by the shift from character-based text recognition to scene-text spotting and the integration of mobile cameras (e.g. drones, sensor equipped ground vehicles) for dynamic terminal monitoring. To advance the field, the paper calls for standardised terminology, open-access datasets, shared source code, while outlining future research directions such as contextless text recognition optimised for ISO6346 codes.<\/p>\t\t\t\t\t\t\t\t<\/div>\n\t\t\t\t<\/div>\n\t\t\t\t<div class=\"elementor-element elementor-element-60209b6 elementor-widget elementor-widget-image\" data-id=\"60209b6\" data-element_type=\"widget\" data-e-type=\"widget\" data-widget_type=\"image.default\">\n\t\t\t\t<div class=\"elementor-widget-container\">\n\t\t\t\t\t\t\t\t\t\t\t\t\t\t\t\t<a href=\"https:\/\/arxiv.org\/abs\/2509.17707\">\n\t\t\t\t\t\t\t<img decoding=\"async\" width=\"626\" height=\"762\" src=\"https:\/\/integreatdrones.de\/wp-content\/uploads\/2025\/10\/ScopingReview.png\" class=\"attachment-full size-full wp-image-1113\" alt=\"\" srcset=\"https:\/\/integreatdrones.de\/wp-content\/uploads\/2025\/10\/ScopingReview.png 626w, https:\/\/integreatdrones.de\/wp-content\/uploads\/2025\/10\/ScopingReview-246x300.png 246w, https:\/\/integreatdrones.de\/wp-content\/uploads\/2025\/10\/ScopingReview-10x12.png 10w\" sizes=\"(max-width: 626px) 100vw, 626px\" \/>\t\t\t\t\t\t\t\t<\/a>\n\t\t\t\t\t\t\t\t\t\t\t\t\t\t\t<\/div>\n\t\t\t\t<\/div>\n\t\t\t\t\t<\/div>\n\t\t\t\t<\/div>\n\t\t\t\t\t<\/div>\n\t\t\t\t<\/div>\n\t\t<div class=\"elementor-element elementor-element-6415b6f e-flex e-con-boxed e-con e-parent\" data-id=\"6415b6f\" data-element_type=\"container\" data-e-type=\"container\">\n\t\t\t\t\t<div class=\"e-con-inner\">\n\t\t\t\t<div class=\"elementor-element elementor-element-0f430d9 elementor-widget elementor-widget-heading\" data-id=\"0f430d9\" data-element_type=\"widget\" data-e-type=\"widget\" data-widget_type=\"heading.default\">\n\t\t\t\t<div class=\"elementor-widget-container\">\n\t\t\t\t\t<h4 class=\"elementor-heading-title elementor-size-default\"><a href=\"https:\/\/ciltuk.org.uk\/Portals\/0\/LRN%20Full%20Papers%20final%20September%202025.pdf?ver=2025-10-01-090251-030#page=285\">How to Efficiently Store Semi-Trailers in Inland Ports? (LRN 2025)<\/a><\/h4>\t\t\t\t<\/div>\n\t\t\t\t<\/div>\n\t\t<div class=\"elementor-element elementor-element-3d6b4ca e-flex e-con-boxed e-con e-child\" data-id=\"3d6b4ca\" data-element_type=\"container\" data-e-type=\"container\">\n\t\t\t\t\t<div class=\"e-con-inner\">\n\t\t\t\t<div class=\"elementor-element elementor-element-a35db12 elementor-widget__width-initial elementor-widget elementor-widget-text-editor\" data-id=\"a35db12\" data-element_type=\"widget\" data-e-type=\"widget\" data-widget_type=\"text-editor.default\">\n\t\t\t\t<div class=\"elementor-widget-container\">\n\t\t\t\t\t\t\t\t\t<p>This paper focuses on storage strategies for loading units (LUs) in inland ports, which, despite being critical logistics hubs, are often overlooked in comparison to standardized seaport operations. Through a structured, PRISMA-based literature review and comparative analysis, the paper aims to identify efficient, flexible storage approaches tailored to the needs of small- to medium-sized inland ports. The objective is to address a research gap and provide practical recommendations to enhance the operational efficiency and competitiveness of inland logistics.<\/p>\t\t\t\t\t\t\t\t<\/div>\n\t\t\t\t<\/div>\n\t\t\t\t<div class=\"elementor-element elementor-element-c6a3c0b elementor-widget elementor-widget-image\" data-id=\"c6a3c0b\" data-element_type=\"widget\" data-e-type=\"widget\" data-widget_type=\"image.default\">\n\t\t\t\t<div class=\"elementor-widget-container\">\n\t\t\t\t\t\t\t\t\t\t\t\t\t\t\t\t<a href=\"https:\/\/ciltuk.org.uk\/Portals\/0\/LRN%20Full%20Papers%20final%20September%202025.pdf?ver=2025-10-01-090251-030#page=285\">\n\t\t\t\t\t\t\t<img decoding=\"async\" width=\"773\" height=\"1091\" src=\"https:\/\/integreatdrones.de\/wp-content\/uploads\/2025\/10\/LRN2025.png\" class=\"attachment-full size-full wp-image-1102\" alt=\"\" srcset=\"https:\/\/integreatdrones.de\/wp-content\/uploads\/2025\/10\/LRN2025.png 773w, https:\/\/integreatdrones.de\/wp-content\/uploads\/2025\/10\/LRN2025-213x300.png 213w, https:\/\/integreatdrones.de\/wp-content\/uploads\/2025\/10\/LRN2025-726x1024.png 726w, https:\/\/integreatdrones.de\/wp-content\/uploads\/2025\/10\/LRN2025-768x1084.png 768w, https:\/\/integreatdrones.de\/wp-content\/uploads\/2025\/10\/LRN2025-9x12.png 9w\" sizes=\"(max-width: 773px) 100vw, 773px\" \/>\t\t\t\t\t\t\t\t<\/a>\n\t\t\t\t\t\t\t\t\t\t\t\t\t\t\t<\/div>\n\t\t\t\t<\/div>\n\t\t\t\t\t<\/div>\n\t\t\t\t<\/div>\n\t\t\t\t\t<\/div>\n\t\t\t\t<\/div>\n\t\t<div class=\"elementor-element elementor-element-5914dfe e-flex e-con-boxed e-con e-parent\" data-id=\"5914dfe\" data-element_type=\"container\" data-e-type=\"container\">\n\t\t\t\t\t<div class=\"e-con-inner\">\n\t\t\t\t<div class=\"elementor-element elementor-element-b20c500 elementor-widget elementor-widget-heading\" data-id=\"b20c500\" data-element_type=\"widget\" data-e-type=\"widget\" data-widget_type=\"heading.default\">\n\t\t\t\t<div class=\"elementor-widget-container\">\n\t\t\t\t\t<h4 class=\"elementor-heading-title elementor-size-default\"><a href=\"https:\/\/www.inf.uni-hamburg.de\/en\/inst\/ab\/cv\/media\/guelsoylu-etal-igd-grc2025.pdf\"><strong>An Inland Port Monitoring System using Aerial and Ground Imagery<\/strong> (GRC 2025 Proceedings)<\/a><\/h4>\t\t\t\t<\/div>\n\t\t\t\t<\/div>\n\t\t<div class=\"elementor-element elementor-element-0c2c7dc e-flex e-con-boxed e-con e-child\" data-id=\"0c2c7dc\" data-element_type=\"container\" data-e-type=\"container\">\n\t\t\t\t\t<div class=\"e-con-inner\">\n\t\t\t\t<div class=\"elementor-element elementor-element-3d833f0 elementor-widget__width-initial elementor-widget elementor-widget-text-editor\" data-id=\"3d833f0\" data-element_type=\"widget\" data-e-type=\"widget\" data-widget_type=\"text-editor.default\">\n\t\t\t\t<div class=\"elementor-widget-container\">\n\t\t\t\t\t\t\t\t\t<p><span class=\"--l --r sentence_highlight\">This study presents a framework for inland ports that uses unmanned aerial vehicle (UAV)-based imaging, and reach stacker sensor data including a camera to monitor port operations. <\/span><span class=\"--l --r sentence_highlight\">A three-stage identi\ufb01cation pipeline detects transportation units (TUs) as the \ufb01rst stage, then markings of detected TUs such as ISO6436 compliant ID codes are detected as the second stage. <\/span><span class=\"--l --r sentence_highlight\">Finally, a text recognition model extracts their IDs.<\/span><\/p>\t\t\t\t\t\t\t\t<\/div>\n\t\t\t\t<\/div>\n\t\t\t\t<div class=\"elementor-element elementor-element-d8a873d elementor-widget elementor-widget-image\" data-id=\"d8a873d\" data-element_type=\"widget\" data-e-type=\"widget\" data-widget_type=\"image.default\">\n\t\t\t\t<div class=\"elementor-widget-container\">\n\t\t\t\t\t\t\t\t\t\t\t\t\t\t\t\t<a href=\"https:\/\/www.inf.uni-hamburg.de\/en\/inst\/ab\/cv\/media\/guelsoylu-etal-igd-grc2025.pdf\">\n\t\t\t\t\t\t\t<img loading=\"lazy\" decoding=\"async\" width=\"150\" height=\"150\" src=\"https:\/\/integreatdrones.de\/wp-content\/uploads\/2025\/04\/grc-paper-150x150.png\" class=\"attachment-thumbnail size-thumbnail wp-image-997\" alt=\"\" srcset=\"https:\/\/integreatdrones.de\/wp-content\/uploads\/2025\/04\/grc-paper-150x150.png 150w, https:\/\/integreatdrones.de\/wp-content\/uploads\/2025\/04\/grc-paper-600x600.png 600w\" sizes=\"(max-width: 150px) 100vw, 150px\" \/>\t\t\t\t\t\t\t\t<\/a>\n\t\t\t\t\t\t\t\t\t\t\t\t\t\t\t<\/div>\n\t\t\t\t<\/div>\n\t\t\t\t\t<\/div>\n\t\t\t\t<\/div>\n\t\t\t\t\t<\/div>\n\t\t\t\t<\/div>\n\t\t<div class=\"elementor-element elementor-element-7e7ca02 e-flex e-con-boxed e-con e-parent\" data-id=\"7e7ca02\" data-element_type=\"container\" data-e-type=\"container\">\n\t\t\t\t\t<div class=\"e-con-inner\">\n\t\t\t\t<div class=\"elementor-element elementor-element-95a273a elementor-widget elementor-widget-heading\" data-id=\"95a273a\" data-element_type=\"widget\" data-e-type=\"widget\" data-widget_type=\"heading.default\">\n\t\t\t\t<div class=\"elementor-widget-container\">\n\t\t\t\t\t<h4 class=\"elementor-heading-title elementor-size-default\"><a href=\"https:\/\/easychair.org\/publications\/preprint\/2rDS\">Drone-Based Identification of Containers and Semi-Trailers in Inland Ports (LOGMS 2024)<\/a><\/h4>\t\t\t\t<\/div>\n\t\t\t\t<\/div>\n\t\t<div class=\"elementor-element elementor-element-e76a407 e-flex e-con-boxed e-con e-child\" data-id=\"e76a407\" data-element_type=\"container\" data-e-type=\"container\">\n\t\t\t\t\t<div class=\"e-con-inner\">\n\t\t\t\t<div class=\"elementor-element elementor-element-cc44c80 elementor-widget__width-initial elementor-widget elementor-widget-text-editor\" data-id=\"cc44c80\" data-element_type=\"widget\" data-e-type=\"widget\" data-widget_type=\"text-editor.default\">\n\t\t\t\t<div class=\"elementor-widget-container\">\n\t\t\t\t\t\t\t\t\t<p>This paper introduces a novel application utilizing drones and deep learning to identify containers and semi-trailers, enhancing inland port operations. With this drone-based image and text recognition system, the basic condition of the yard\/storage area can be determined at any time without using (human) labor, eliminating the need for manual inspections. We use a two-step recognition process, first localizing the text ID and then reading\/identifying it.\u00a0<\/p>\t\t\t\t\t\t\t\t<\/div>\n\t\t\t\t<\/div>\n\t\t\t\t<div class=\"elementor-element elementor-element-3cdcba3 elementor-widget elementor-widget-image\" data-id=\"3cdcba3\" data-element_type=\"widget\" data-e-type=\"widget\" data-widget_type=\"image.default\">\n\t\t\t\t<div class=\"elementor-widget-container\">\n\t\t\t\t\t\t\t\t\t\t\t\t\t\t\t\t<a href=\"https:\/\/easychair.org\/publications\/preprint\/2rDS\">\n\t\t\t\t\t\t\t<img loading=\"lazy\" decoding=\"async\" width=\"150\" height=\"150\" src=\"https:\/\/integreatdrones.de\/wp-content\/uploads\/2024\/10\/logmspaper-150x150.png\" class=\"attachment-thumbnail size-thumbnail wp-image-964\" alt=\"\" srcset=\"https:\/\/integreatdrones.de\/wp-content\/uploads\/2024\/10\/logmspaper-150x150.png 150w, https:\/\/integreatdrones.de\/wp-content\/uploads\/2024\/10\/logmspaper-11x12.png 11w, https:\/\/integreatdrones.de\/wp-content\/uploads\/2024\/10\/logmspaper-600x600.png 600w\" sizes=\"(max-width: 150px) 100vw, 150px\" \/>\t\t\t\t\t\t\t\t<\/a>\n\t\t\t\t\t\t\t\t\t\t\t\t\t\t\t<\/div>\n\t\t\t\t<\/div>\n\t\t\t\t\t<\/div>\n\t\t\t\t<\/div>\n\t\t\t\t\t<\/div>\n\t\t\t\t<\/div>\n\t\t<div class=\"elementor-element elementor-element-7eac08c e-flex e-con-boxed e-con e-parent\" data-id=\"7eac08c\" data-element_type=\"container\" data-e-type=\"container\">\n\t\t\t\t\t<div class=\"e-con-inner\">\n\t\t\t\t<div class=\"elementor-element elementor-element-83d8206 elementor-widget elementor-widget-heading\" data-id=\"83d8206\" data-element_type=\"widget\" data-e-type=\"widget\" data-widget_type=\"heading.default\">\n\t\t\t\t<div class=\"elementor-widget-container\">\n\t\t\t\t\t<h4 class=\"elementor-heading-title elementor-size-default\">Poster summary of the project<\/h4>\t\t\t\t<\/div>\n\t\t\t\t<\/div>\n\t\t<div class=\"elementor-element elementor-element-bf69a48 e-flex e-con-boxed e-con e-child\" data-id=\"bf69a48\" data-element_type=\"container\" data-e-type=\"container\">\n\t\t\t\t\t<div class=\"e-con-inner\">\n\t\t\t\t<div class=\"elementor-element elementor-element-6dad88a elementor-widget elementor-widget-text-editor\" data-id=\"6dad88a\" data-element_type=\"widget\" data-e-type=\"widget\" data-widget_type=\"text-editor.default\">\n\t\t\t\t<div class=\"elementor-widget-container\">\n\t\t\t\t\t\t\t\t\t<p>An overview of the goals, staff, and tasks of the project is provided by the poster for the \"Digital Total\" event at the University of Hamburg.\u00a0<\/p>\t\t\t\t\t\t\t\t<\/div>\n\t\t\t\t<\/div>\n\t\t\t\t<div class=\"elementor-element elementor-element-5fa7c31 elementor-widget elementor-widget-image\" data-id=\"5fa7c31\" data-element_type=\"widget\" data-e-type=\"widget\" data-widget_type=\"image.default\">\n\t\t\t\t<div class=\"elementor-widget-container\">\n\t\t\t\t\t\t\t\t\t\t\t\t\t\t\t\t<a href=\"http:\/\/integreatdrones.de\/wp-content\/uploads\/2023\/11\/IGD-Plakat-Digital-Total.pdf\">\n\t\t\t\t\t\t\t<img loading=\"lazy\" decoding=\"async\" width=\"150\" height=\"150\" src=\"https:\/\/integreatdrones.de\/wp-content\/uploads\/2023\/11\/IGD-Plakat-Digital-Total-Thumbnail-150x150.jpg\" class=\"attachment-thumbnail size-thumbnail wp-image-681\" alt=\"\" srcset=\"https:\/\/integreatdrones.de\/wp-content\/uploads\/2023\/11\/IGD-Plakat-Digital-Total-Thumbnail-150x150.jpg 150w, https:\/\/integreatdrones.de\/wp-content\/uploads\/2023\/11\/IGD-Plakat-Digital-Total-Thumbnail-600x600.jpg 600w\" sizes=\"(max-width: 150px) 100vw, 150px\" \/>\t\t\t\t\t\t\t\t<\/a>\n\t\t\t\t\t\t\t\t\t\t\t\t\t\t\t<\/div>\n\t\t\t\t<\/div>\n\t\t\t\t\t<\/div>\n\t\t\t\t<\/div>\n\t\t\t\t\t<\/div>\n\t\t\t\t<\/div>\n\t\t\t\t<\/div>","protected":false},"excerpt":{"rendered":"<p>TRUDI and TITUS: A Multi-Perspective Dataset and a Three-Stage Recognition System for Transportation Unit Identification Die Identifizierung von Transporteinheiten (TE) ist entscheidend f\u00fcr die Verbesserung der Effizienz der Hafenlogistik. Allerdings wurden Fortschritte auf diesem Gebiet durch das Fehlen \u00f6ffentlich zug\u00e4nglicher Benchmark-Datens\u00e4tze, die die Vielfalt und Dynamik realer Hafenumgebungen widerspiegeln, bislang behindert. Um diese L\u00fccke zu [&hellip;]<\/p>\n","protected":false},"author":1,"featured_media":0,"parent":0,"menu_order":0,"comment_status":"closed","ping_status":"closed","template":"","meta":{"footnotes":""},"class_list":["post-277","page","type-page","status-publish","hentry","entry"],"_links":{"self":[{"href":"https:\/\/integreatdrones.de\/en\/wp-json\/wp\/v2\/pages\/277","targetHints":{"allow":["GET"]}}],"collection":[{"href":"https:\/\/integreatdrones.de\/en\/wp-json\/wp\/v2\/pages"}],"about":[{"href":"https:\/\/integreatdrones.de\/en\/wp-json\/wp\/v2\/types\/page"}],"author":[{"embeddable":true,"href":"https:\/\/integreatdrones.de\/en\/wp-json\/wp\/v2\/users\/1"}],"replies":[{"embeddable":true,"href":"https:\/\/integreatdrones.de\/en\/wp-json\/wp\/v2\/comments?post=277"}],"version-history":[{"count":84,"href":"https:\/\/integreatdrones.de\/en\/wp-json\/wp\/v2\/pages\/277\/revisions"}],"predecessor-version":[{"id":1116,"href":"https:\/\/integreatdrones.de\/en\/wp-json\/wp\/v2\/pages\/277\/revisions\/1116"}],"wp:attachment":[{"href":"https:\/\/integreatdrones.de\/en\/wp-json\/wp\/v2\/media?parent=277"}],"curies":[{"name":"wp","href":"https:\/\/api.w.org\/{rel}","templated":true}]}}