{"id":426,"date":"2023-10-04T15:31:16","date_gmt":"2023-10-04T13:31:16","guid":{"rendered":"https:\/\/integreatdrones.de\/?page_id=426"},"modified":"2023-10-04T15:35:42","modified_gmt":"2023-10-04T13:35:42","slug":"impressum","status":"publish","type":"page","link":"https:\/\/integreatdrones.de\/en\/impressum\/","title":{"rendered":"Legal Notice"},"content":{"rendered":"<div data-elementor-type=\"wp-page\" data-elementor-id=\"426\" class=\"elementor elementor-426\">\n\t\t\t\t<div class=\"elementor-element elementor-element-922d067 e-flex e-con-boxed e-con e-parent\" data-id=\"922d067\" data-element_type=\"container\" data-e-type=\"container\">\n\t\t\t\t\t<div class=\"e-con-inner\">\n\t\t\t\t<div class=\"elementor-element elementor-element-2ee035b elementor-widget elementor-widget-text-editor\" data-id=\"2ee035b\" data-element_type=\"widget\" data-e-type=\"widget\" data-widget_type=\"text-editor.default\">\n\t\t\t\t<div class=\"elementor-widget-container\">\n\t\t\t\t\t\t\t\t\t<article class=\"spalte links\"><div class=\"outer h1\"><h1>Legal Notice<\/h1><\/div><div class=\"outer\"><div class=\"standard\"><p>Fachbereich Informatik<br \/>University of Hamburg<br \/>Vogt-K\u00f6lln-Stra\u00dfe 30<br \/>D-22527 Hamburg<br \/>Deutschland<\/p><p>Tel.: +49 40 42883-2401<br \/>Fax: +49 40 4273-14627<\/p><h2 id=\"toc_0\">Inhaltliche Verantwortlichkeit i. S. v. \u00a7 5 TMG und \u00a7 18 Abs. 2 MStV<\/h2><p>F\u00fcr die Richtigkeit und Aktualit\u00e4t der ver\u00f6ffentlichten Inhalte (auch Kommentare von Leserinnen und Lesern) sind die jeweiligen Erstellerinnen und Ersteller der einzelnen Seiten verantwortlich.<\/p><p>Fachbereich Informatik<br \/>Vogt-K\u00f6lln-Stra\u00dfe 30, D-22527 Hamburg<br \/>Tel.: +49 40 42883-2401<br \/>E-Mail: <a class=\"emil link\" href=\"mailto:info@informatik.uni-hamburg.de\" data-n=\"info\" data-d=\"informatik.uni-hamburg.de\"><span class=\"\">info<\/span><span class=\"a\">@<\/span><span class=\"d\">informatik.uni-hamburg.de<\/span><\/a><\/p><p>\u00a0<\/p><h2 id=\"toc_1\">Technische Verantwortlichkeit<\/h2><p>Webmaster\/in:<br \/>Prof. Dr. Hannes Federrath<br \/>Tel.: +49 40 42883-2358<br \/>E-Mail: <a class=\"emil link\" href=\"mailto:webmaster.inf@uni-hamburg.de\" data-n=\"webmaster.inf\" data-d=\"uni-hamburg.de\"><span class=\"\">webmaster.inf<\/span><span class=\"a\">@<\/span><span class=\"d\">uni-hamburg.de<\/span><\/a><\/p><h2 id=\"toc_2\">Zentrale Adresse der Universit\u00e4t Hamburg<\/h2><p>University of Hamburg<br \/>Mittelweg 177<br \/>20148 Hamburg<br \/>Deutschland<br \/>Tel.: +49 40 42838-0<br \/>Fax: +49 40 42838-9586<\/p><h2 id=\"toc_3\">Rechtsform und gesetzliche Vertretung<\/h2><p>Die Universit\u00e4t Hamburg ist eine K\u00f6rperschaft des \u00d6ffentlichen Rechts. Sie wird gesetzlich vertreten durch Univ.-Prof. Dr. Hauke Heekeren, Pr\u00e4sident der Universit\u00e4t Hamburg, Mittelweg 177, 20148 Hamburg, Deutschland.<\/p><h2 id=\"toc_4\">Zust\u00e4ndige Aufsichtsbeh\u00f6rde<\/h2><p>Beh\u00f6rde f\u00fcr Wissenschaft, Forschung, Gleichstellung und Bezirke der Freien und Hansestadt Hamburg<br \/>Hamburger Stra\u00dfe 37, 22083 Hamburg<\/p><h2 id=\"toc_5\">Umsatzsteueridentifikationsnummer<\/h2><p>DE 245 584 140<\/p><\/div><\/div><\/article>\t\t\t\t\t\t\t\t<\/div>\n\t\t\t\t<\/div>\n\t\t\t\t\t<\/div>\n\t\t\t\t<\/div>\n\t\t\t\t<\/div>","protected":false},"excerpt":{"rendered":"<p>Impressum Fachbereich Informatik Universit\u00e4t Hamburg Vogt-K\u00f6lln-Stra\u00dfe 30 D-22527 Hamburg Deutschland Tel.: +49 40 42883-2401 Fax: +49 40 4273-14627 Inhaltliche Verantwortlichkeit i. S. v. \u00a7 5 TMG und \u00a7 18 Abs. 2 MStV F\u00fcr die Richtigkeit und Aktualit\u00e4t der ver\u00f6ffentlichten Inhalte (auch Kommentare von Leserinnen und Lesern) sind die jeweiligen Erstellerinnen und Ersteller der einzelnen Seiten [&hellip;]<\/p>\n","protected":false},"author":1,"featured_media":0,"parent":0,"menu_order":0,"comment_status":"closed","ping_status":"closed","template":"","meta":{"footnotes":""},"class_list":["post-426","page","type-page","status-publish","hentry","entry"],"_links":{"self":[{"href":"https:\/\/integreatdrones.de\/en\/wp-json\/wp\/v2\/pages\/426","targetHints":{"allow":["GET"]}}],"collection":[{"href":"https:\/\/integreatdrones.de\/en\/wp-json\/wp\/v2\/pages"}],"about":[{"href":"https:\/\/integreatdrones.de\/en\/wp-json\/wp\/v2\/types\/page"}],"author":[{"embeddable":true,"href":"https:\/\/integreatdrones.de\/en\/wp-json\/wp\/v2\/users\/1"}],"replies":[{"embeddable":true,"href":"https:\/\/integreatdrones.de\/en\/wp-json\/wp\/v2\/comments?post=426"}],"version-history":[{"count":5,"href":"https:\/\/integreatdrones.de\/en\/wp-json\/wp\/v2\/pages\/426\/revisions"}],"predecessor-version":[{"id":434,"href":"https:\/\/integreatdrones.de\/en\/wp-json\/wp\/v2\/pages\/426\/revisions\/434"}],"wp:attachment":[{"href":"https:\/\/integreatdrones.de\/en\/wp-json\/wp\/v2\/media?parent=426"}],"curies":[{"name":"wp","href":"https:\/\/api.w.org\/{rel}","templated":true}]}}