{"id":775,"date":"2024-03-01T14:48:32","date_gmt":"2024-03-01T13:48:32","guid":{"rendered":"https:\/\/integreatdrones.de\/?page_id=775"},"modified":"2025-05-30T14:53:37","modified_gmt":"2025-05-30T12:53:37","slug":"artefakte","status":"publish","type":"page","link":"https:\/\/integreatdrones.de\/en\/artefakte\/","title":{"rendered":"Artefacts"},"content":{"rendered":"<div data-elementor-type=\"wp-page\" data-elementor-id=\"775\" class=\"elementor elementor-775\">\n\t\t\t\t<div class=\"elementor-element elementor-element-34bdb09 e-flex e-con-boxed e-con e-parent\" data-id=\"34bdb09\" data-element_type=\"container\" data-e-type=\"container\">\n\t\t\t\t\t<div class=\"e-con-inner\">\n\t\t\t\t<div class=\"elementor-element elementor-element-8963629 elementor-widget elementor-widget-image\" data-id=\"8963629\" data-element_type=\"widget\" data-e-type=\"widget\" data-widget_type=\"image.default\">\n\t\t\t\t<div class=\"elementor-widget-container\">\n\t\t\t\t\t\t\t\t\t\t\t\t\t\t\t<img fetchpriority=\"high\" decoding=\"async\" width=\"1024\" height=\"576\" src=\"https:\/\/integreatdrones.de\/wp-content\/uploads\/2025\/05\/uav_object_detection_1024.gif\" class=\"attachment-large size-large wp-image-1044\" alt=\"\" \/>\t\t\t\t\t\t\t\t\t\t\t\t\t\t\t<\/div>\n\t\t\t\t<\/div>\n\t\t<div class=\"elementor-element elementor-element-0e51b56 e-flex e-con-boxed e-con e-child\" data-id=\"0e51b56\" data-element_type=\"container\" data-e-type=\"container\">\n\t\t\t\t\t<div class=\"e-con-inner\">\n\t\t\t\t<div class=\"elementor-element elementor-element-cf747e9 elementor-widget elementor-widget-heading\" data-id=\"cf747e9\" data-element_type=\"widget\" data-e-type=\"widget\" data-widget_type=\"heading.default\">\n\t\t\t\t<div class=\"elementor-widget-container\">\n\t\t\t\t\t<h2 class=\"elementor-heading-title elementor-size-default\">Object Recognition from UAV Perspective<\/h2>\t\t\t\t<\/div>\n\t\t\t\t<\/div>\n\t\t\t\t<div class=\"elementor-element elementor-element-fc98227 elementor-widget elementor-widget-text-editor\" data-id=\"fc98227\" data-element_type=\"widget\" data-e-type=\"widget\" data-widget_type=\"text-editor.default\">\n\t\t\t\t<div class=\"elementor-widget-container\">\n\t\t\t\t\t\t\t\t\t<p>InteGreatDrones focuses on the automated, visual identification of load carriers for the digitalization of port processes using drones. Object recognition from a UAV perspective is a basic prerequisite for this. Only by recognizing the transport units is it possible to assign them to their ID number and ultimately identify them. The recognition of transport units and their localization in images is currently not commercially available due to the UAV perspective and the specific port environment and is an open field of research. Using corresponding images from drone flights, we train and develop our own robust AI models and algorithms for the use case.<\/p>\t\t\t\t\t\t\t\t<\/div>\n\t\t\t\t<\/div>\n\t\t\t\t\t<\/div>\n\t\t\t\t<\/div>\n\t\t\t\t\t<\/div>\n\t\t\t\t<\/div>\n\t\t<div class=\"elementor-element elementor-element-22babf1 e-flex e-con-boxed e-con e-parent\" data-id=\"22babf1\" data-element_type=\"container\" data-e-type=\"container\">\n\t\t\t\t\t<div class=\"e-con-inner\">\n\t\t<div class=\"elementor-element elementor-element-e7076ad e-con-full e-flex e-con e-child\" data-id=\"e7076ad\" data-element_type=\"container\" data-e-type=\"container\">\n\t\t\t\t<div class=\"elementor-element elementor-element-709ac47 elementor-widget elementor-widget-heading\" data-id=\"709ac47\" data-element_type=\"widget\" data-e-type=\"widget\" data-widget_type=\"heading.default\">\n\t\t\t\t<div class=\"elementor-widget-container\">\n\t\t\t\t\t<h2 class=\"elementor-heading-title elementor-size-default\">Digitalization with Vehicle-mounted Sensors<\/h2>\t\t\t\t<\/div>\n\t\t\t\t<\/div>\n\t\t\t\t<div class=\"elementor-element elementor-element-69d979f elementor-widget elementor-widget-text-editor\" data-id=\"69d979f\" data-element_type=\"widget\" data-e-type=\"widget\" data-widget_type=\"text-editor.default\">\n\t\t\t\t<div class=\"elementor-widget-container\">\n\t\t\t\t\t\t\t\t\t<p>In addition to monitoring using drones and fixed infrastructure, data is recorded in the terminal with the help of vehicle-mounted sensors. To this end, we are developing a sensor box equipped with various sensors to attach to reach stackers and terminal trucks. GPS modules for precise location determination, distance sensors for monitoring the loading status and cameras enable comprehensive mapping of the terminal environment. The data collected is pre-processed in real time on an edge device and then integrated into the port operator's systems.\u00a0<\/p>\t\t\t\t\t\t\t\t<\/div>\n\t\t\t\t<\/div>\n\t\t\t\t<\/div>\n\t\t\t\t<div class=\"elementor-element elementor-element-aed8c0d elementor-widget elementor-widget-image\" data-id=\"aed8c0d\" data-element_type=\"widget\" data-e-type=\"widget\" data-widget_type=\"image.default\">\n\t\t\t\t<div class=\"elementor-widget-container\">\n\t\t\t\t\t\t\t\t\t\t\t\t\t\t\t<img decoding=\"async\" width=\"1024\" height=\"576\" src=\"https:\/\/integreatdrones.de\/wp-content\/uploads\/2025\/05\/sensorbox.gif\" class=\"attachment-large size-large wp-image-1073\" alt=\"\" \/>\t\t\t\t\t\t\t\t\t\t\t\t\t\t\t<\/div>\n\t\t\t\t<\/div>\n\t\t\t\t\t<\/div>\n\t\t\t\t<\/div>\n\t\t<div class=\"elementor-element elementor-element-487a6f9 e-flex e-con-boxed e-con e-parent\" data-id=\"487a6f9\" data-element_type=\"container\" data-e-type=\"container\">\n\t\t\t\t\t<div class=\"e-con-inner\">\n\t\t\t\t<div class=\"elementor-element elementor-element-a7c3d5a elementor-widget elementor-widget-image\" data-id=\"a7c3d5a\" data-element_type=\"widget\" data-e-type=\"widget\" data-widget_type=\"image.default\">\n\t\t\t\t<div class=\"elementor-widget-container\">\n\t\t\t\t\t\t\t\t\t\t\t\t\t\t\t<img decoding=\"async\" width=\"1024\" height=\"577\" src=\"https:\/\/integreatdrones.de\/wp-content\/uploads\/2025\/05\/mapbox_twin_1024.gif\" class=\"attachment-large size-large wp-image-1066\" alt=\"\" \/>\t\t\t\t\t\t\t\t\t\t\t\t\t\t\t<\/div>\n\t\t\t\t<\/div>\n\t\t<div class=\"elementor-element elementor-element-afda364 e-flex e-con-boxed e-con e-child\" data-id=\"afda364\" data-element_type=\"container\" data-e-type=\"container\">\n\t\t\t\t\t<div class=\"e-con-inner\">\n\t\t\t\t<div class=\"elementor-element elementor-element-427ea1c elementor-widget elementor-widget-heading\" data-id=\"427ea1c\" data-element_type=\"widget\" data-e-type=\"widget\" data-widget_type=\"heading.default\">\n\t\t\t\t<div class=\"elementor-widget-container\">\n\t\t\t\t\t<h2 class=\"elementor-heading-title elementor-size-default\">Digital Twin for Process Monitoring<\/h2>\t\t\t\t<\/div>\n\t\t\t\t<\/div>\n\t\t\t\t<div class=\"elementor-element elementor-element-a5f4f76 elementor-widget elementor-widget-text-editor\" data-id=\"a5f4f76\" data-element_type=\"widget\" data-e-type=\"widget\" data-widget_type=\"text-editor.default\">\n\t\t\t\t<div class=\"elementor-widget-container\">\n\t\t\t\t\t\t\t\t\t<p>The digital twin provides a schematic representation of the port environment, parking spaces and storage areas. It visually depicts the current occupancy of the storage areas with load carriers such as containers and trailers. The interactive interface and supplementary list displays allow users to quickly obtain information such as ID, position and destination. To ensure that the database is always up to date, the digital twin is fed with data from various sensor systems and a corresponding view for operational personnel enables information to be updated and corrected.<\/p>\t\t\t\t\t\t\t\t<\/div>\n\t\t\t\t<\/div>\n\t\t\t\t\t<\/div>\n\t\t\t\t<\/div>\n\t\t\t\t\t<\/div>\n\t\t\t\t<\/div>\n\t\t<div class=\"elementor-element elementor-element-50c284d e-flex e-con-boxed e-con e-parent\" data-id=\"50c284d\" data-element_type=\"container\" data-e-type=\"container\">\n\t\t\t\t\t<div class=\"e-con-inner\">\n\t\t<div class=\"elementor-element elementor-element-6d92566 e-flex e-con-boxed e-con e-child\" data-id=\"6d92566\" data-element_type=\"container\" data-e-type=\"container\">\n\t\t\t\t\t<div class=\"e-con-inner\">\n\t\t\t\t<div class=\"elementor-element elementor-element-ab4cd71 elementor-widget elementor-widget-heading\" data-id=\"ab4cd71\" data-element_type=\"widget\" data-e-type=\"widget\" data-widget_type=\"heading.default\">\n\t\t\t\t<div class=\"elementor-widget-container\">\n\t\t\t\t\t<h2 class=\"elementor-heading-title elementor-size-default\">Image processing models\n<\/h2>\t\t\t\t<\/div>\n\t\t\t\t<\/div>\n\t\t\t\t<div class=\"elementor-element elementor-element-935954a elementor-widget elementor-widget-text-editor\" data-id=\"935954a\" data-element_type=\"widget\" data-e-type=\"widget\" data-widget_type=\"text-editor.default\">\n\t\t\t\t<div class=\"elementor-widget-container\">\n\t\t\t\t\t\t\t\t\t<p>In ports worldwide, image recognition technology is increasingly being used as an indispensable tool to enhance security and efficiency. By analyzing visual data in real-time, image recognition models enable precise monitoring of cargo movements and early detection of suspicious activities. Machine learning and artificial intelligence enable automated responses to potential risks, drastically reducing response times and minimizing human errors. This technology not only contributes to security but also optimizes operations by improving the efficiency of port logistics. In an era of increasing trade volumes and complex security threats, the integration of image recognition technologies represents a significant advancement for ports to meet the challenges of the 21st century.<\/p>\t\t\t\t\t\t\t\t<\/div>\n\t\t\t\t<\/div>\n\t\t\t\t\t<\/div>\n\t\t\t\t<\/div>\n\t\t\t\t<div class=\"elementor-element elementor-element-fcd2004 elementor-widget elementor-widget-image\" data-id=\"fcd2004\" data-element_type=\"widget\" data-e-type=\"widget\" data-widget_type=\"image.default\">\n\t\t\t\t<div class=\"elementor-widget-container\">\n\t\t\t\t\t\t\t\t\t\t\t\t\t\t\t<img loading=\"lazy\" decoding=\"async\" width=\"1024\" height=\"706\" src=\"https:\/\/integreatdrones.de\/wp-content\/uploads\/2024\/03\/object_detection-1024x706.png\" class=\"attachment-large size-large wp-image-818\" alt=\"\" srcset=\"https:\/\/integreatdrones.de\/wp-content\/uploads\/2024\/03\/object_detection-1024x706.png 1024w, https:\/\/integreatdrones.de\/wp-content\/uploads\/2024\/03\/object_detection-300x207.png 300w, https:\/\/integreatdrones.de\/wp-content\/uploads\/2024\/03\/object_detection-768x529.png 768w, https:\/\/integreatdrones.de\/wp-content\/uploads\/2024\/03\/object_detection-18x12.png 18w, https:\/\/integreatdrones.de\/wp-content\/uploads\/2024\/03\/object_detection.png 1033w\" sizes=\"(max-width: 1024px) 100vw, 1024px\" \/>\t\t\t\t\t\t\t\t\t\t\t\t\t\t\t<\/div>\n\t\t\t\t<\/div>\n\t\t\t\t\t<\/div>\n\t\t\t\t<\/div>\n\t\t<div class=\"elementor-element elementor-element-395a709 e-flex e-con-boxed e-con e-parent\" data-id=\"395a709\" data-element_type=\"container\" data-e-type=\"container\">\n\t\t\t\t\t<div class=\"e-con-inner\">\n\t\t\t\t<div class=\"elementor-element elementor-element-e995b89 elementor-widget elementor-widget-image\" data-id=\"e995b89\" data-element_type=\"widget\" data-e-type=\"widget\" data-widget_type=\"image.default\">\n\t\t\t\t<div class=\"elementor-widget-container\">\n\t\t\t\t\t\t\t\t\t\t\t\t\t\t\t<img loading=\"lazy\" decoding=\"async\" width=\"1024\" height=\"562\" src=\"https:\/\/integreatdrones.de\/wp-content\/uploads\/2025\/05\/unity_twin_1024.gif\" class=\"attachment-large size-large wp-image-1048\" alt=\"\" \/>\t\t\t\t\t\t\t\t\t\t\t\t\t\t\t<\/div>\n\t\t\t\t<\/div>\n\t\t<div class=\"elementor-element elementor-element-f0120e2 e-flex e-con-boxed e-con e-child\" data-id=\"f0120e2\" data-element_type=\"container\" data-e-type=\"container\">\n\t\t\t\t\t<div class=\"e-con-inner\">\n\t\t\t\t<div class=\"elementor-element elementor-element-6a16601 elementor-widget elementor-widget-heading\" data-id=\"6a16601\" data-element_type=\"widget\" data-e-type=\"widget\" data-widget_type=\"heading.default\">\n\t\t\t\t<div class=\"elementor-widget-container\">\n\t\t\t\t\t<h2 class=\"elementor-heading-title elementor-size-default\">Simulation and Synthetic Training Data<\/h2>\t\t\t\t<\/div>\n\t\t\t\t<\/div>\n\t\t\t\t<div class=\"elementor-element elementor-element-eb8f688 elementor-widget elementor-widget-text-editor\" data-id=\"eb8f688\" data-element_type=\"widget\" data-e-type=\"widget\" data-widget_type=\"text-editor.default\">\n\t\t\t\t<div class=\"elementor-widget-container\">\n\t\t\t\t\t\t\t\t\t<p>Our AI models require large amounts of images as training data. We therefore supplement images from the real world with synthetic image data from a Unity environment. The digital twin developed there is intended to represent a highly detailed digital copy of the inland terminal environment of Dresden and Riesa. This makes it possible to create new and difficult-to-generate data such as weather effects on containers and video material in certain wind, weather and daytime conditions. In addition, the environment allows us to simulate drone flights without using a lot of resources in order to determine optimal routes and camera angles for overflights.<\/p>\t\t\t\t\t\t\t\t<\/div>\n\t\t\t\t<\/div>\n\t\t\t\t\t<\/div>\n\t\t\t\t<\/div>\n\t\t\t\t\t<\/div>\n\t\t\t\t<\/div>\n\t\t<div class=\"elementor-element elementor-element-98ba90e e-flex e-con-boxed e-con e-parent\" data-id=\"98ba90e\" data-element_type=\"container\" data-e-type=\"container\">\n\t\t\t\t\t<div class=\"e-con-inner\">\n\t\t<div class=\"elementor-element elementor-element-3ed3ee0 e-flex e-con-boxed e-con e-child\" data-id=\"3ed3ee0\" data-element_type=\"container\" data-e-type=\"container\">\n\t\t\t\t\t<div class=\"e-con-inner\">\n\t\t\t\t<div class=\"elementor-element elementor-element-1759f36 elementor-widget elementor-widget-heading\" data-id=\"1759f36\" data-element_type=\"widget\" data-e-type=\"widget\" data-widget_type=\"heading.default\">\n\t\t\t\t<div class=\"elementor-widget-container\">\n\t\t\t\t\t<h2 class=\"elementor-heading-title elementor-size-default\">License Plate Detection<\/h2>\t\t\t\t<\/div>\n\t\t\t\t<\/div>\n\t\t\t\t<div class=\"elementor-element elementor-element-587c98e elementor-widget elementor-widget-text-editor\" data-id=\"587c98e\" data-element_type=\"widget\" data-e-type=\"widget\" data-widget_type=\"text-editor.default\">\n\t\t\t\t<div class=\"elementor-widget-container\">\n\t\t\t\t\t\t\t\t\t<p>In addition to containers, InteGreatDrones also deals with truck trailers and craneable trailers. License plates are an important source of information for their identification. With the help of object detection of rare classes, the relevant area of high-resolution camera images containing the license plate can be extracted. Using a segmentation mask, the orientation of the plate can be calculated so that it can be straightened using a shearing process. Finally, we use OCR (Optical Character Recognition) to determine the letters and numbers, which helps to understand which vehicles and trailers are currently in the terminal and is therefore essential for process monitoring and security.\u00a0<\/p>\t\t\t\t\t\t\t\t<\/div>\n\t\t\t\t<\/div>\n\t\t\t\t\t<\/div>\n\t\t\t\t<\/div>\n\t\t\t\t<div class=\"elementor-element elementor-element-9c1111a elementor-widget elementor-widget-image\" data-id=\"9c1111a\" data-element_type=\"widget\" data-e-type=\"widget\" data-widget_type=\"image.default\">\n\t\t\t\t<div class=\"elementor-widget-container\">\n\t\t\t\t\t\t\t\t\t\t\t\t\t\t\t<img loading=\"lazy\" decoding=\"async\" width=\"1024\" height=\"457\" src=\"https:\/\/integreatdrones.de\/wp-content\/uploads\/2025\/05\/LicensePlateAnonymeFinal-1024x457.jpg\" class=\"attachment-large size-large wp-image-1062\" alt=\"\" srcset=\"https:\/\/integreatdrones.de\/wp-content\/uploads\/2025\/05\/LicensePlateAnonymeFinal-1024x457.jpg 1024w, https:\/\/integreatdrones.de\/wp-content\/uploads\/2025\/05\/LicensePlateAnonymeFinal-300x134.jpg 300w, https:\/\/integreatdrones.de\/wp-content\/uploads\/2025\/05\/LicensePlateAnonymeFinal-768x343.jpg 768w, https:\/\/integreatdrones.de\/wp-content\/uploads\/2025\/05\/LicensePlateAnonymeFinal-1536x686.jpg 1536w, https:\/\/integreatdrones.de\/wp-content\/uploads\/2025\/05\/LicensePlateAnonymeFinal-2048x914.jpg 2048w, https:\/\/integreatdrones.de\/wp-content\/uploads\/2025\/05\/LicensePlateAnonymeFinal-18x8.jpg 18w\" sizes=\"(max-width: 1024px) 100vw, 1024px\" \/>\t\t\t\t\t\t\t\t\t\t\t\t\t\t\t<\/div>\n\t\t\t\t<\/div>\n\t\t\t\t\t<\/div>\n\t\t\t\t<\/div>\n\t\t\t\t<\/div>","protected":false},"excerpt":{"rendered":"<p>Objekterkennung aus Drohnenperspektive Im Mittelpunkt von InteGreatDrones steht die automatisierte, visuelle Identifikation von Ladungstr\u00e4gern zur Digitalisierung von Hafenprozessen mittels Drohneneinsatz. Daf\u00fcr ist die Objekterkennung aus UAV-Perspektive eine Grundvoraussetzung. Erst die Erkennung der Transporteinheiten erm\u00f6glicht die sp\u00e4tere Zuordnung zu ihrer ID-Nummer und schlie\u00dflich deren Identifikation. Die Erkennung von Transporteinheiten und deren Lokalisierung in Bildern ist aufgrund [&hellip;]<\/p>\n","protected":false},"author":1,"featured_media":0,"parent":0,"menu_order":0,"comment_status":"closed","ping_status":"closed","template":"","meta":{"footnotes":""},"class_list":["post-775","page","type-page","status-publish","hentry","entry"],"_links":{"self":[{"href":"https:\/\/integreatdrones.de\/en\/wp-json\/wp\/v2\/pages\/775","targetHints":{"allow":["GET"]}}],"collection":[{"href":"https:\/\/integreatdrones.de\/en\/wp-json\/wp\/v2\/pages"}],"about":[{"href":"https:\/\/integreatdrones.de\/en\/wp-json\/wp\/v2\/types\/page"}],"author":[{"embeddable":true,"href":"https:\/\/integreatdrones.de\/en\/wp-json\/wp\/v2\/users\/1"}],"replies":[{"embeddable":true,"href":"https:\/\/integreatdrones.de\/en\/wp-json\/wp\/v2\/comments?post=775"}],"version-history":[{"count":121,"href":"https:\/\/integreatdrones.de\/en\/wp-json\/wp\/v2\/pages\/775\/revisions"}],"predecessor-version":[{"id":1076,"href":"https:\/\/integreatdrones.de\/en\/wp-json\/wp\/v2\/pages\/775\/revisions\/1076"}],"wp:attachment":[{"href":"https:\/\/integreatdrones.de\/en\/wp-json\/wp\/v2\/media?parent=775"}],"curies":[{"name":"wp","href":"https:\/\/api.w.org\/{rel}","templated":true}]}}